{"id":518,"date":"2018-11-29T18:07:43","date_gmt":"2018-11-29T17:07:43","guid":{"rendered":"https:\/\/bonnin.sitefamille.fr\/?page_id=518"},"modified":"2018-11-29T18:12:44","modified_gmt":"2018-11-29T17:12:44","slug":"notre-histoire","status":"publish","type":"page","link":"https:\/\/bonnin.sitefamille.fr\/?page_id=518","title":{"rendered":"Notre histoire"},"content":{"rendered":"<div class=\"pt-cv-wrapper\"><div class=\"pt-cv-view pt-cv-grid pt-cv-colsys\" id=\"pt-cv-view-08b74bai6k\"><div data-id=\"pt-cv-page-1\" class=\"pt-cv-page\" data-cvc=\"2\"><div class=\"col-md-6 col-sm-6 col-xs-12 pt-cv-content-item pt-cv-2-col\" ><div class='pt-cv-ifield'><a href=\"https:\/\/bonnin.sitefamille.fr\/?p=818\" class=\"_self pt-cv-href-thumbnail pt-cv-thumb-left\" target=\"_self\" ><img loading=\"lazy\" decoding=\"async\" width=\"150\" height=\"150\" src=\"https:\/\/bonnin.sitefamille.fr\/wp-content\/uploads\/2025\/05\/Dede-150x150.jpg\" class=\"pt-cv-thumbnail pull-left\" alt=\"\" \/><\/a>\n<h4 class=\"pt-cv-title\"><a href=\"https:\/\/bonnin.sitefamille.fr\/?p=818\" class=\"_self\" target=\"_self\" >Notre tribu est de nouveau en deuil.<\/a><\/h4>\n<div class=\"pt-cv-content\">Andr\u00e9 Chamereau, que tout le monde appelait D\u00e9d\u00e9 nous a quitt\u00e9 le 27 mai dernier \u00e0 l\u2019\u00e2ge de 76 ans ...<br \/><div class=\"pt-cv-rmwrap\"><a href=\"https:\/\/bonnin.sitefamille.fr\/?p=818\" class=\"_self pt-cv-readmore btn btn-success\" target=\"_self\">Lire La Suite\u2026<\/a><\/div><\/div>\n<div class=\"pt-cv-meta-fields\"><span class=\"entry-date\"> <time datetime=\"2025-05-29T09:05:34+01:00\">29 mai 2025<\/time><\/span><span> \/ <\/span><span class=\"terms\"> <a href='https:\/\/bonnin.sitefamille.fr\/?cat=9' title='Histoire' class='pt-cv-tax-histoire'>Histoire<\/a>, <a href='https:\/\/bonnin.sitefamille.fr\/?cat=8' title='News' class='pt-cv-tax-news'>News<\/a><\/span><\/div><\/div><\/div>\n<div class=\"col-md-6 col-sm-6 col-xs-12 pt-cv-content-item pt-cv-2-col\" ><div class='pt-cv-ifield'><a href=\"https:\/\/bonnin.sitefamille.fr\/?p=803\" class=\"_self pt-cv-href-thumbnail pt-cv-thumb-left\" target=\"_self\" ><img loading=\"lazy\" decoding=\"async\" width=\"150\" height=\"150\" src=\"https:\/\/bonnin.sitefamille.fr\/wp-content\/uploads\/2025\/04\/Photo-Marie-Helene-150x150.jpg\" class=\"pt-cv-thumbnail pull-left\" alt=\"\" \/><\/a>\n<h4 class=\"pt-cv-title\"><a href=\"https:\/\/bonnin.sitefamille.fr\/?p=803\" class=\"_self\" target=\"_self\" >Marie H\u00e9l\u00e8ne nous a quitt\u00e9&#8230;<\/a><\/h4>\n<div class=\"pt-cv-content\">La famille Grellier est de nouveau dans la peine. Marie H\u00e9l\u00e8ne nous a quitt\u00e9s jeudi matin 24 Avril 2025 apr\u00e8s ...<br \/><div class=\"pt-cv-rmwrap\"><a href=\"https:\/\/bonnin.sitefamille.fr\/?p=803\" class=\"_self pt-cv-readmore btn btn-success\" target=\"_self\">Lire La Suite\u2026<\/a><\/div><\/div>\n<div class=\"pt-cv-meta-fields\"><span class=\"entry-date\"> <time datetime=\"2025-04-25T18:02:58+01:00\">25 avril 2025<\/time><\/span><span> \/ <\/span><span class=\"terms\"> <a href='https:\/\/bonnin.sitefamille.fr\/?cat=9' title='Histoire' class='pt-cv-tax-histoire'>Histoire<\/a>, <a href='https:\/\/bonnin.sitefamille.fr\/?cat=8' title='News' class='pt-cv-tax-news'>News<\/a><\/span><\/div><\/div><\/div>\n<div class=\"col-md-6 col-sm-6 col-xs-12 pt-cv-content-item pt-cv-2-col\" ><div class='pt-cv-ifield'><a href=\"https:\/\/bonnin.sitefamille.fr\/?p=740\" class=\"_self pt-cv-href-thumbnail pt-cv-thumb-left\" target=\"_self\" ><img loading=\"lazy\" decoding=\"async\" width=\"150\" height=\"150\" src=\"https:\/\/bonnin.sitefamille.fr\/wp-content\/uploads\/2025\/01\/HubertGuide4-1-150x150.jpeg\" class=\"pt-cv-thumbnail pull-left\" alt=\"\" \/><\/a>\n<h4 class=\"pt-cv-title\"><a href=\"https:\/\/bonnin.sitefamille.fr\/?p=740\" class=\"_self\" target=\"_self\" >Hubert, guide \u00e0 l&rsquo;\u00c9glise abbatiale de B\u00e9n\u00e9vent<\/a><\/h4>\n<div class=\"pt-cv-content\">Une curiosit\u00e9 \u00e0 voir dans l'\u00c9glise abbatiale de B\u00e9n\u00e9vent...Visible le 21 d\u00e9cembre, jour du solstice d'hiver (et quelques jours avant ...<br \/><div class=\"pt-cv-rmwrap\"><a href=\"https:\/\/bonnin.sitefamille.fr\/?p=740\" class=\"_self pt-cv-readmore btn btn-success\" target=\"_self\">Lire La Suite\u2026<\/a><\/div><\/div>\n<div class=\"pt-cv-meta-fields\"><span class=\"entry-date\"> <time datetime=\"2025-01-12T23:38:52+01:00\">12 janvier 2025<\/time><\/span><span> \/ <\/span><span class=\"terms\"> <a href='https:\/\/bonnin.sitefamille.fr\/?cat=9' title='Histoire' class='pt-cv-tax-histoire'>Histoire<\/a>, <a href='https:\/\/bonnin.sitefamille.fr\/?cat=8' title='News' class='pt-cv-tax-news'>News<\/a><\/span><\/div><\/div><\/div>\n<div class=\"col-md-6 col-sm-6 col-xs-12 pt-cv-content-item pt-cv-2-col\" ><div class='pt-cv-ifield'><a href=\"https:\/\/bonnin.sitefamille.fr\/?p=567\" class=\"_self pt-cv-href-thumbnail pt-cv-thumb-left\" target=\"_self\" ><img loading=\"lazy\" decoding=\"async\" width=\"150\" height=\"150\" src=\"https:\/\/bonnin.sitefamille.fr\/wp-content\/uploads\/2014\/01\/parents-Personnalis\u00e9-150x150.jpg\" class=\"pt-cv-thumbnail pull-left\" alt=\"\" \/><\/a>\n<h4 class=\"pt-cv-title\"><a href=\"https:\/\/bonnin.sitefamille.fr\/?p=567\" class=\"_self\" target=\"_self\" >Les parents de grand-m\u00e8re Bonnin (Augustine Blochas) : Fran\u00e7ois Blochas et Augustine Grellier<\/a><\/h4>\n<div class=\"pt-cv-content\">(Lien vers un arbre g\u00e9n\u00e9alogique \u00ab Blochas \u00bb) Un texte de Gabriel Palard, dat\u00e9 du 23 mai 1983 : REGISTRE ...<br \/><div class=\"pt-cv-rmwrap\"><a href=\"https:\/\/bonnin.sitefamille.fr\/?p=567\" class=\"_self pt-cv-readmore btn btn-success\" target=\"_self\">Lire La Suite\u2026<\/a><\/div><\/div>\n<div class=\"pt-cv-meta-fields\"><span class=\"entry-date\"> <time datetime=\"2019-04-01T19:03:12+01:00\">1 avril 2019<\/time><\/span><span> \/ <\/span><span class=\"terms\"> <a href='https:\/\/bonnin.sitefamille.fr\/?cat=6' title='Arbre g\u00e9n\u00e9alogique' class='pt-cv-tax-arbre-genealogique'>Arbre g\u00e9n\u00e9alogique<\/a>, <a href='https:\/\/bonnin.sitefamille.fr\/?cat=9' title='Histoire' class='pt-cv-tax-histoire'>Histoire<\/a>, <a href='https:\/\/bonnin.sitefamille.fr\/?cat=8' title='News' class='pt-cv-tax-news'>News<\/a><\/span><\/div><\/div><\/div>\n<div class=\"col-md-6 col-sm-6 col-xs-12 pt-cv-content-item pt-cv-2-col\" ><div class='pt-cv-ifield'><a href=\"https:\/\/bonnin.sitefamille.fr\/?p=192\" class=\"_self pt-cv-href-thumbnail pt-cv-thumb-left\" target=\"_self\" ><img loading=\"lazy\" decoding=\"async\" width=\"150\" height=\"150\" src=\"https:\/\/bonnin.sitefamille.fr\/wp-content\/uploads\/2014\/08\/BONNIN-Edouard-Ferdinand-150x150.png\" class=\"pt-cv-thumbnail pull-left\" alt=\"\" \/><\/a>\n<h4 class=\"pt-cv-title\"><a href=\"https:\/\/bonnin.sitefamille.fr\/?p=192\" class=\"_self\" target=\"_self\" >Edouard Ferdinand : ann\u00e9e 1917<\/a><\/h4>\n<div class=\"pt-cv-content\">M\u00e9moire\u00a0 r\u00e9alis\u00e9 gr\u00e2ce aux documents conserv\u00e9s par les familles Bonnin descendants de\u00a0 Dominique Bonnin et Eglantine Blochas (familles Grellier Bonnin ...<br \/><div class=\"pt-cv-rmwrap\"><a href=\"https:\/\/bonnin.sitefamille.fr\/?p=192\" class=\"_self pt-cv-readmore btn btn-success\" target=\"_self\">Lire La Suite\u2026<\/a><\/div><\/div>\n<div class=\"pt-cv-meta-fields\"><span class=\"entry-date\"> <time datetime=\"2014-08-19T22:07:39+01:00\">19 ao\u00fbt 2014<\/time><\/span><span> \/ <\/span><span class=\"terms\"> <a href='https:\/\/bonnin.sitefamille.fr\/?cat=9' title='Histoire' class='pt-cv-tax-histoire'>Histoire<\/a><\/span><\/div><\/div><\/div>\n<div class=\"col-md-6 col-sm-6 col-xs-12 pt-cv-content-item pt-cv-2-col\" ><div class='pt-cv-ifield'><a href=\"https:\/\/bonnin.sitefamille.fr\/?p=139\" class=\"_self pt-cv-href-thumbnail pt-cv-thumb-left\" target=\"_self\" ><img loading=\"lazy\" decoding=\"async\" width=\"150\" height=\"150\" src=\"https:\/\/bonnin.sitefamille.fr\/wp-content\/uploads\/2014\/01\/Dominique-Personnalis\u00e9-150x150.jpg\" class=\"pt-cv-thumbnail pull-left\" alt=\"\" \/><\/a>\n<h4 class=\"pt-cv-title\"><a href=\"https:\/\/bonnin.sitefamille.fr\/?p=139\" class=\"_self\" target=\"_self\" >Dominique Bonnin, p\u00e8re, grand p\u00e8re ou arri\u00e8re grand p\u00e8re ou&#8230;<\/a><\/h4>\n<div class=\"pt-cv-content\">Cette ann\u00e9e nous c\u00e9l\u00e9brons le centenaire de la guerre 14-18. Dans notre famille \"tribu Bonnin\" cet anniversaire ne doit pas ...<br \/><div class=\"pt-cv-rmwrap\"><a href=\"https:\/\/bonnin.sitefamille.fr\/?p=139\" class=\"_self pt-cv-readmore btn btn-success\" target=\"_self\">Lire La Suite\u2026<\/a><\/div><\/div>\n<div class=\"pt-cv-meta-fields\"><span class=\"entry-date\"> <time datetime=\"2014-01-19T14:50:19+01:00\">19 janvier 2014<\/time><\/span><span> \/ <\/span><span class=\"terms\"> <a href='https:\/\/bonnin.sitefamille.fr\/?cat=9' title='Histoire' class='pt-cv-tax-histoire'>Histoire<\/a><\/span><\/div><\/div><\/div>\n<div class=\"col-md-6 col-sm-6 col-xs-12 pt-cv-content-item pt-cv-2-col\" ><div class='pt-cv-ifield'><a href=\"https:\/\/bonnin.sitefamille.fr\/?p=67\" class=\"_self pt-cv-href-thumbnail pt-cv-thumb-left\" target=\"_self\" ><\/a>\n<h4 class=\"pt-cv-title\"><a href=\"https:\/\/bonnin.sitefamille.fr\/?p=67\" class=\"_self\" target=\"_self\" >1889 Une classe \u00e0 Ciri\u00e8res<\/a><\/h4>\n<div class=\"pt-cv-content\">Les ados de l'an 1899 ! Les filles BLOCHAS \u00a0en\u00a0 1899 Sur la photo\u00a0: N\u00b0 3 - Marie-Louise 16 ans\u00a0 ...<br \/><div class=\"pt-cv-rmwrap\"><a href=\"https:\/\/bonnin.sitefamille.fr\/?p=67\" class=\"_self pt-cv-readmore btn btn-success\" target=\"_self\">Lire La Suite\u2026<\/a><\/div><\/div>\n<div class=\"pt-cv-meta-fields\"><span class=\"entry-date\"> <time datetime=\"2012-06-04T22:58:06+01:00\">4 juin 2012<\/time><\/span><span> \/ <\/span><span class=\"terms\"> <a href='https:\/\/bonnin.sitefamille.fr\/?cat=9' title='Histoire' class='pt-cv-tax-histoire'>Histoire<\/a>, <a href='https:\/\/bonnin.sitefamille.fr\/?tag=images-darchives' title='Images d&#039;archives' class='pt-cv-tax-images-darchives'>Images d'archives<\/a>, <a href='https:\/\/bonnin.sitefamille.fr\/?cat=1' title='Non class\u00e9' class='pt-cv-tax-non-classe'>Non class\u00e9<\/a><\/span><\/div><\/div><\/div><\/div><\/div><\/div>\n<p>&nbsp;<\/p>\n","protected":false},"excerpt":{"rendered":"<p>&nbsp;<\/p>\n","protected":false},"author":1,"featured_media":0,"parent":0,"menu_order":1,"comment_status":"closed","ping_status":"closed","template":"","meta":{"cybocfi_hide_featured_image":"","footnotes":""},"class_list":["post-518","page","type-page","status-publish","hentry"],"_links":{"self":[{"href":"https:\/\/bonnin.sitefamille.fr\/index.php?rest_route=\/wp\/v2\/pages\/518","targetHints":{"allow":["GET"]}}],"collection":[{"href":"https:\/\/bonnin.sitefamille.fr\/index.php?rest_route=\/wp\/v2\/pages"}],"about":[{"href":"https:\/\/bonnin.sitefamille.fr\/index.php?rest_route=\/wp\/v2\/types\/page"}],"author":[{"embeddable":true,"href":"https:\/\/bonnin.sitefamille.fr\/index.php?rest_route=\/wp\/v2\/users\/1"}],"replies":[{"embeddable":true,"href":"https:\/\/bonnin.sitefamille.fr\/index.php?rest_route=%2Fwp%2Fv2%2Fcomments&post=518"}],"version-history":[{"count":2,"href":"https:\/\/bonnin.sitefamille.fr\/index.php?rest_route=\/wp\/v2\/pages\/518\/revisions"}],"predecessor-version":[{"id":521,"href":"https:\/\/bonnin.sitefamille.fr\/index.php?rest_route=\/wp\/v2\/pages\/518\/revisions\/521"}],"wp:attachment":[{"href":"https:\/\/bonnin.sitefamille.fr\/index.php?rest_route=%2Fwp%2Fv2%2Fmedia&parent=518"}],"curies":[{"name":"wp","href":"https:\/\/api.w.org\/{rel}","templated":true}]}}