{"id":227,"date":"2014-12-30T22:36:38","date_gmt":"2014-12-30T21:36:38","guid":{"rendered":"https:\/\/bonnin.sitefamille.fr\/?page_id=227"},"modified":"2024-02-21T18:19:45","modified_gmt":"2024-02-21T17:19:45","slug":"arbre-genealogique","status":"publish","type":"page","link":"https:\/\/bonnin.sitefamille.fr\/?page_id=227","title":{"rendered":"Arbre g\u00e9n\u00e9alogique"},"content":{"rendered":"<p>Notre arbre g\u00e9n\u00e9alogique est<a href=\"https:\/\/gw.geneanet.org\/jibe49_w?lang=fr&amp;p=ismael+dominique+auguste&amp;n=bonnin&amp;oc=0&amp;pz=ismael+dominique+auguste&amp;nz=bonnin&amp;type=tree\"><strong><span style=\"font-size: 14pt;\"> ici\u00a0<\/span><\/strong><\/a>et encore \u00e0 v\u00e9rifier et compl\u00e9ter&#8230; :<\/p>\n<table style=\"height: 114px; width: 730px;\">\n<tbody>\n<tr>\n<td style=\"width: 749px; border-style: solid; border-color: #000000;\"><a href=\"https:\/\/gw.geneanet.org\/jibe49_w?lang=fr&amp;p=ismael+dominique+auguste&amp;n=bonnin&amp;oc=0&amp;pz=ismael+dominique+auguste&amp;nz=bonnin&amp;type=tree\"><img loading=\"lazy\" decoding=\"async\" class=\"alignnone wp-image-539 \" src=\"https:\/\/bonnin.sitefamille.fr\/wp-content\/uploads\/2019\/01\/img_5c52d83eb4fc7.png\" alt=\"\" width=\"975\" height=\"237\" srcset=\"https:\/\/bonnin.sitefamille.fr\/wp-content\/uploads\/2019\/01\/img_5c52d83eb4fc7.png 1767w, https:\/\/bonnin.sitefamille.fr\/wp-content\/uploads\/2019\/01\/img_5c52d83eb4fc7-300x73.png 300w, https:\/\/bonnin.sitefamille.fr\/wp-content\/uploads\/2019\/01\/img_5c52d83eb4fc7-768x186.png 768w, https:\/\/bonnin.sitefamille.fr\/wp-content\/uploads\/2019\/01\/img_5c52d83eb4fc7-1024x249.png 1024w\" sizes=\"auto, (max-width: 975px) 100vw, 975px\" \/><\/a><\/td>\n<\/tr>\n<\/tbody>\n<\/table>\n<p>Pour visualiser les informations disponibles pour chaque membre de l&rsquo;arbre (adresse, courriel, t\u00e9l,&#8230; quand elles ont \u00e9t\u00e9 saisies) il faut vous connecter.<\/p>\n<p>En haut \u00e0 droite, \u00ab\u00a0Connexion\u00a0\u00bb : identifiant : bonnin1880 \u00ab\u00a0mot de passe\u00a0\u00bb bonnin1880.<br \/>\n(Oui c&rsquo;est la m\u00eame chose)<\/p>\n<p>&nbsp;<\/p>\n<p>&nbsp;<\/p>\n<p>Des anc\u00eatres <span style=\"font-size: 14pt;\"><a href=\"https:\/\/gw.geneanet.org\/gege30?lang=fr&amp;n=bonnin&amp;oc=0&amp;p=ismael+dominique+auguste&amp;type=tree\">ICI<\/a><\/span><\/p>\n<table style=\"height: 128px; width: 730px;\">\n<tbody>\n<tr>\n<td style=\"width: 864px; border-style: solid; border-color: #000000;\"><a style=\"outline-width: 0px !important; user-select: auto !important;\" href=\"https:\/\/gw.geneanet.org\/gege30?lang=fr&amp;n=bonnin&amp;oc=0&amp;p=ismael+dominique+auguste&amp;type=tree\"><img loading=\"lazy\" decoding=\"async\" class=\"alignnone wp-image-543 \" src=\"https:\/\/bonnin.sitefamille.fr\/wp-content\/uploads\/2019\/01\/img_5c5312acd9fb1.png\" alt=\"\" width=\"1109\" height=\"489\" srcset=\"https:\/\/bonnin.sitefamille.fr\/wp-content\/uploads\/2019\/01\/img_5c5312acd9fb1.png 1489w, https:\/\/bonnin.sitefamille.fr\/wp-content\/uploads\/2019\/01\/img_5c5312acd9fb1-300x132.png 300w, https:\/\/bonnin.sitefamille.fr\/wp-content\/uploads\/2019\/01\/img_5c5312acd9fb1-768x338.png 768w, https:\/\/bonnin.sitefamille.fr\/wp-content\/uploads\/2019\/01\/img_5c5312acd9fb1-1024x451.png 1024w\" sizes=\"auto, (max-width: 1109px) 100vw, 1109px\" \/><\/a><\/td>\n<\/tr>\n<\/tbody>\n<\/table>\n<p>&nbsp;<\/p>\n<p>Le dernier arbre g\u00e9n\u00e9alogique \u00ab\u00a0connu\u00a0\u00bb est<br \/>\n<a href=\"https:\/\/bonnin.sitefamille.fr\/wp-content\/uploads\/2023\/03\/Tribu-Bonnin-05-2017.pdf\" target=\"_blank\" rel=\"noopener\">ici au format pdf<\/a><br \/>\n<a href=\"https:\/\/bonnin.sitefamille.fr\/wp-content\/uploads\/2023\/03\/Tribu-Bonnin-05-2017.ods\" target=\"_blank\" rel=\"noopener\">ici au format ods<\/a><br \/>\n<a href=\"https:\/\/bonnin.sitefamille.fr\/wp-content\/uploads\/2023\/03\/Tribu-Bonnin-05-2017.xls\" target=\"_blank\" rel=\"noopener\">ici au format xls<\/a><a href=\"https:\/\/bonnin.sitefamille.fr\/wp-content\/uploads\/2014\/12\/Tribu-Bonnin-05-2017.xls\"><br \/>\n<\/a><\/p>\n<p id=\"wcYDyCr\"><img loading=\"lazy\" decoding=\"async\" class=\"alignnone wp-image-418 \" src=\"https:\/\/bonnin.sitefamille.fr\/wp-content\/uploads\/2017\/01\/img_587e89f8de07b.png\" alt=\"\" width=\"432\" height=\"367\" srcset=\"https:\/\/bonnin.sitefamille.fr\/wp-content\/uploads\/2017\/01\/img_587e89f8de07b.png 898w, https:\/\/bonnin.sitefamille.fr\/wp-content\/uploads\/2017\/01\/img_587e89f8de07b-300x255.png 300w, https:\/\/bonnin.sitefamille.fr\/wp-content\/uploads\/2017\/01\/img_587e89f8de07b-768x653.png 768w\" sizes=\"auto, (max-width: 432px) 100vw, 432px\" \/><\/p>\n<p><a href=\"https:\/\/bonnin.sitefamille.fr\/wp-content\/uploads\/2017\/01\/Tribu-BonninJanvier2017.xlsx\">\u00a0<\/a><\/p>\n","protected":false},"excerpt":{"rendered":"<p>Notre arbre g\u00e9n\u00e9alogique est ici\u00a0et encore \u00e0 v\u00e9rifier et compl\u00e9ter&#8230; : Pour visualiser les informations disponibles pour chaque membre de l&rsquo;arbre (adresse, courriel, t\u00e9l,&#8230; quand elles ont \u00e9t\u00e9 saisies) il faut vous connecter. En haut \u00e0 droite, \u00ab\u00a0Connexion\u00a0\u00bb : identifiant : bonnin1880 \u00ab\u00a0mot de passe\u00a0\u00bb bonnin1880. (Oui c&rsquo;est la m\u00eame chose) &nbsp; &nbsp; Des anc\u00eatres [&hellip;]<\/p>\n","protected":false},"author":1,"featured_media":539,"parent":0,"menu_order":6,"comment_status":"open","ping_status":"open","template":"","meta":{"cybocfi_hide_featured_image":"","footnotes":""},"class_list":["post-227","page","type-page","status-publish","has-post-thumbnail","hentry"],"_links":{"self":[{"href":"https:\/\/bonnin.sitefamille.fr\/index.php?rest_route=\/wp\/v2\/pages\/227","targetHints":{"allow":["GET"]}}],"collection":[{"href":"https:\/\/bonnin.sitefamille.fr\/index.php?rest_route=\/wp\/v2\/pages"}],"about":[{"href":"https:\/\/bonnin.sitefamille.fr\/index.php?rest_route=\/wp\/v2\/types\/page"}],"author":[{"embeddable":true,"href":"https:\/\/bonnin.sitefamille.fr\/index.php?rest_route=\/wp\/v2\/users\/1"}],"replies":[{"embeddable":true,"href":"https:\/\/bonnin.sitefamille.fr\/index.php?rest_route=%2Fwp%2Fv2%2Fcomments&post=227"}],"version-history":[{"count":19,"href":"https:\/\/bonnin.sitefamille.fr\/index.php?rest_route=\/wp\/v2\/pages\/227\/revisions"}],"predecessor-version":[{"id":640,"href":"https:\/\/bonnin.sitefamille.fr\/index.php?rest_route=\/wp\/v2\/pages\/227\/revisions\/640"}],"wp:featuredmedia":[{"embeddable":true,"href":"https:\/\/bonnin.sitefamille.fr\/index.php?rest_route=\/wp\/v2\/media\/539"}],"wp:attachment":[{"href":"https:\/\/bonnin.sitefamille.fr\/index.php?rest_route=%2Fwp%2Fv2%2Fmedia&parent=227"}],"curies":[{"name":"wp","href":"https:\/\/api.w.org\/{rel}","templated":true}]}}